{"id":29180,"date":"2022-04-07T22:03:50","date_gmt":"2022-04-07T20:03:50","guid":{"rendered":"https:\/\/acmes.ch\/statuten\/"},"modified":"2025-01-27T18:01:22","modified_gmt":"2025-01-27T17:01:22","slug":"statuts-de-lassociation","status":"publish","type":"page","link":"https:\/\/acmes.ch\/de\/statuts-de-lassociation\/","title":{"rendered":"Statuten"},"content":{"rendered":"<p>[et_pb_section fb_built=&#8220;1&#8243; _builder_version=&#8220;4.16&#8243; _dynamic_attributes=&#8220;background_image&#8220; _module_preset=&#8220;default&#8220; background_enable_color=&#8220;off&#8220; use_background_color_gradient=&#8220;on&#8220; background_color_gradient_direction=&#8220;90deg&#8220; background_color_gradient_stops=&#8220;gcid-6e4605c9-3e67-4209-9e4b-465bcfe29f4f 0%|gcid-6e4605c9-3e67-4209-9e4b-465bcfe29f4f 100%&#8220; background_color_gradient_overlays_image=&#8220;on&#8220; background_color_gradient_start=&#8220;gcid-6e4605c9-3e67-4209-9e4b-465bcfe29f4f&#8220; background_color_gradient_end=&#8220;gcid-6e4605c9-3e67-4209-9e4b-465bcfe29f4f&#8220; background_image=&#8220;@ET-DC@eyJkeW5hbWljIjp0cnVlLCJjb250ZW50IjoicG9zdF9mZWF0dXJlZF9pbWFnZSIsInNldHRpbmdzIjp7fX0=@&#8220; background_position=&#8220;bottom_center&#8220; custom_padding=&#8220;150px||150px||false|false&#8220; global_module=&#8220;28938&#8243; saved_tabs=&#8220;all&#8220; global_colors_info=&#8220;{%22gcid-7815ec78-6428-463f-b6a6-115b50fbe734%22:%91%22background_color%22%93,%22gcid-6e4605c9-3e67-4209-9e4b-465bcfe29f4f%22:%91%22colorEnd%22,%22colorStart%22%93}&#8220;][et_pb_row _builder_version=&#8220;4.16&#8243; _module_preset=&#8220;default&#8220; global_colors_info=&#8220;{}&#8220;][et_pb_column type=&#8220;4_4&#8243; _builder_version=&#8220;4.16&#8243; _module_preset=&#8220;default&#8220; global_colors_info=&#8220;{}&#8220;][et_pb_text _builder_version=&#8220;4.16&#8243; _dynamic_attributes=&#8220;content&#8220; _module_preset=&#8220;default&#8220; header_text_align=&#8220;center&#8220; header_text_color=&#8220;#FFFFFF&#8220; global_colors_info=&#8220;{}&#8220;]@ET-DC@eyJkeW5hbWljIjp0cnVlLCJjb250ZW50IjoicG9zdF90aXRsZSIsInNldHRpbmdzIjp7ImJlZm9yZSI6IjxoMT4iLCJhZnRlciI6IjxcL2gxPiJ9fQ==@[\/et_pb_text][\/et_pb_column][\/et_pb_row][\/et_pb_section][et_pb_section fb_built=&#8220;1&#8243; _builder_version=&#8220;4.16&#8243; _module_preset=&#8220;default&#8220; global_colors_info=&#8220;{}&#8220;][et_pb_row _builder_version=&#8220;4.16&#8243; _module_preset=&#8220;default&#8220; global_colors_info=&#8220;{}&#8220;][et_pb_column type=&#8220;4_4&#8243; _builder_version=&#8220;4.16&#8243; _module_preset=&#8220;default&#8220; global_colors_info=&#8220;{}&#8220;][et_pb_text _builder_version=&#8220;4.17.0&#8243; _module_preset=&#8220;default&#8220; hover_enabled=&#8220;0&#8243; global_colors_info=&#8220;{}&#8220; sticky_enabled=&#8220;0&#8243;]<\/p>\n<h2>Artikel 1<\/h2>\n<p>  Der Westschweizer Verband der Zentren f\u00fcr \u00e4sthetische Medizin (ACME, nachstehend der Verband) ist ein Verband, der durch die vorliegenden Statuten und subsidi\u00e4r durch die Artikel 60 ff. des Schweizerischen Zivilgesetzbuches geregelt wird; seine Dauer ist unbegrenzt.[\/et_pb_text][et_pb_text _builder_version=&#8220;4.17.0&#8243; _module_preset=&#8220;default&#8220; hover_enabled=&#8220;0&#8243; global_colors_info=&#8220;{}&#8220; sticky_enabled=&#8220;0&#8243;]<\/p>\n<h2>Artikel 2<\/h2>\n<p>Der Verein hat folgende Ziele:<\/p>\n<ol class=\"liste-nombre\">\n<li>das Zusammenbringen von Mitgliedern, die eine qualitativ hochwertige \u00e4sthetische Medizin und\/oder Chirurgie praktizieren, die auf der Einhaltung der in den medizinischen Berufen \u00fcblichen ethischen und deontologischen Regeln beruht;<\/li>\n<li>die F\u00f6rderung der Zusammenarbeit seiner Mitglieder, das Schaffen von Verbindungen und die Organisation von Zusammenk\u00fcnften zur Pr\u00fcfung von Fragen von beruflichem Interesse;<\/li>\n<li>die Vertretung seiner Mitglieder und derer gemeinsamer Standpunkte gegen\u00fcber den Gesundheitsbeh\u00f6rden;<\/li>\n<li>die Vertretung der Interessen seiner Mitglieder gegen\u00fcber den Beh\u00f6rden und anderen Partnern im Gesundheitswesen;<\/li>\n<li>dazu beitragen, Patienten, der \u00d6ffentlichkeit, der Presse und den Beh\u00f6rden das beste Bild von Zentren f\u00fcr \u00e4sthetische Medizin zu vermitteln.<\/li>\n<li>die Einhaltung der &#8222;good business practice&#8220; mit den anderen Mitgliedern der Vereinigung in einem guten Einvernehmen und in einem konstruktiven Klima zu gew\u00e4hrleisten;<\/li>\n<li>die Unterst\u00fctzung der Bildungsbem\u00fchungen innerhalb der Branche.<\/li>\n<\/ol>\n<p>Um seine Ziele zu erreichen, erl\u00e4sst der Verein Reglemente, die jedes Mitglied einhalten muss. Der Verein ist nicht gewinnorientiert.<\/p>\n<p>[\/et_pb_text][et_pb_text _builder_version=&#8220;4.16&#8243; _module_preset=&#8220;default&#8220; global_colors_info=&#8220;{}&#8220;]<\/p>\n<h2>Artikel 3<\/h2>\n<p>Der Verein kann anderen Vereinigungen, Gruppierungen oder Organisationen beitreten, die \u00e4hnliche Ziele verfolgen.<\/p>\n<p>[\/et_pb_text][et_pb_text _builder_version=&#8220;4.16&#8243; _module_preset=&#8220;default&#8220; global_colors_info=&#8220;{}&#8220;]<\/p>\n<h2>Artikel 4<\/h2>\n<p>Der Sitz des Vereins befindet sich am Wohnsitz des Sekret\u00e4rs oder des Sekretariats.<\/p>\n<p>[\/et_pb_text][et_pb_text _builder_version=&#8220;4.17.0&#8243; _module_preset=&#8220;default&#8220; hover_enabled=&#8220;0&#8243; global_colors_info=&#8220;{}&#8220; sticky_enabled=&#8220;0&#8243;]<\/p>\n<h2>Artikel 5<\/h2>\n<p>Mitglied des Vereins kann jede juristische Person werden, die als Arztpraxis oder Gesundheitseinrichtung im Sinne der Gesetze \u00fcber das \u00f6ffentliche Gesundheitswesen registriert ist.<br \/>Die \u00e4sthetische Medizin muss einen \u00fcberwiegenden Teil der T\u00e4tigkeit des Mitglieds ausmachen.<br \/>Das Zentrum besch\u00e4ftigt mindestens 5 Angestellte, die \u00e4sthetische Behandlungen durchf\u00fchren (\u00c4rzte, Techniker oder Krankenschwestern).<\/p>\n<p>Jedes Mitglied respektiert den ethischen Kodex, die Ziele und die Werte der Vereinigung.<\/p>\n<p>Jedes Mitglied zahlt die von der Generalversammlung beschlossenen Beitr\u00e4ge,<\/p>\n<p>Aufnahmeantr\u00e4ge sind schriftlich an das Sekretariat zu richten, zusammen mit der Bescheinigung der Betriebsgenehmigung und\/oder der Genehmigung zur Aus\u00fcbung der Praxis in eigener fachlicher Verantwortung (des f\u00fcr das Zentrum verantwortlichen Arztes). Die Generalversammlung entscheidet nach vorheriger Stellungnahme des Ausschusses. <\/p>\n<p>[\/et_pb_text][et_pb_text _builder_version=&#8220;4.17.0&#8243; _module_preset=&#8220;default&#8220; hover_enabled=&#8220;0&#8243; global_colors_info=&#8220;{}&#8220; sticky_enabled=&#8220;0&#8243;]<\/p>\n<h2>Artikel 6<\/h2>\n<p>Jedes Mitglied hat das Recht, jederzeit aus dem Verband auszutreten, indem es einen eingeschriebenen Brief an das Sekretariat zum Ende des Kalenderjahres mindestens 3 Monate im Voraus schickt. Die Beitr\u00e4ge f\u00fcr das laufende Jahr sind f\u00fcr das gesamte Jahr f\u00e4llig. <\/p>\n<p>[\/et_pb_text][et_pb_text _builder_version=&#8220;4.17.0&#8243; _module_preset=&#8220;default&#8220; hover_enabled=&#8220;0&#8243; global_colors_info=&#8220;{}&#8220; sticky_enabled=&#8220;0&#8243;]<\/p>\n<h2>Artikel 7<\/h2>\n<p>Der Ausschluss eines Mitglieds kann jederzeit ausgesprochen werden, wenn eine der folgenden Bedingungen erf\u00fcllt ist:<\/p>\n<ul>\n<li>wenn sie gegen die Ethik-Charta, die Ziele oder die Werte der Vereinigung verst\u00f6\u00dft;<\/li>\n<li>wenn er gegen die Satzung verst\u00f6\u00dft oder die Entscheidungen und Vorschriften der Vereinigung nicht befolgt;<\/li>\n<li>wenn er den Interessen der Vereinigung zuwiderhandelt;<\/li>\n<li>wenn er gegen den Kodex der \u00e4rztlichen Ethik und\/oder das Gesetz \u00fcber das \u00f6ffentliche Gesundheitswesen verst\u00f6\u00dft.<\/li>\n<\/ul>\n<ul><\/ul>\n<p>Der Ausschluss wird von der Generalversammlung beschlossen.<\/p>\n<p>Der Vorschlag muss auf die Tagesordnung der Generalversammlung gesetzt werden. Um wirksam zu sein, muss der Beschluss mit einer Zweidrittelmehrheit der anwesenden Mitglieder gefasst werden. Das Recht auf Anh\u00f6rung muss gew\u00e4hrleistet sein<br \/>.  <\/p>\n<p>Das betroffene Mitglied nimmt nicht an der Abstimmung teil.<\/p>\n<p>[\/et_pb_text][et_pb_text _builder_version=&#8220;4.17.0&#8243; _module_preset=&#8220;default&#8220; hover_enabled=&#8220;0&#8243; global_colors_info=&#8220;{}&#8220; sticky_enabled=&#8220;0&#8243;]<\/p>\n<h2>Artikel 8<\/h2>\n<p>Die Mitgliedschaft erlischt von Rechts wegen durch Konkurs, Liquidation, dauerhaften Entzug der Genehmigung, Austritt und Ausschluss.<\/p>\n<p>Der Verlust der Mitgliedschaft hat den Verlust jeglichen Anspruchs auf das Verm\u00f6gen des Vereins zur Folge.<\/p>\n<p>[\/et_pb_text][et_pb_text _builder_version=&#8220;4.16&#8243; _module_preset=&#8220;default&#8220; global_colors_info=&#8220;{}&#8220;]<\/p>\n<h2>Artikel 9<\/h2>\n<p>Die Mitglieder haften nicht pers\u00f6nlich f\u00fcr die Verbindlichkeiten und sonstigen Schulden des Vereins, die nur durch das Vereinsverm\u00f6gen gesichert sind.<\/p>\n<p>[\/et_pb_text][et_pb_text _builder_version=&#8220;4.17.0&#8243; _module_preset=&#8220;default&#8220; hover_enabled=&#8220;0&#8243; global_colors_info=&#8220;{}&#8220; sticky_enabled=&#8220;0&#8243;]<\/p>\n<h2>Artikel 10<\/h2>\n<p>Die Organe des Vereins sind:<\/p>\n<ol class=\"liste-nombre\">\n<li>die Generalversammlung;<\/li>\n<li>der Vorstand;<\/li>\n<li>die Revisionsstelle.<\/li>\n<\/ol>\n<p>Die F\u00fchrung des Sekretariats und\/oder der B\u00fccher kann Dritten anvertraut werden. Dies gilt auch f\u00fcr die Rechnungspr\u00fcfung. <\/p>\n<p>[\/et_pb_text][et_pb_text _builder_version=&#8220;4.17.0&#8243; _module_preset=&#8220;default&#8220; hover_enabled=&#8220;0&#8243; global_colors_info=&#8220;{}&#8220; sticky_enabled=&#8220;0&#8243;]<\/p>\n<h2>Artikel 11<\/h2>\n<p>Die Generalversammlung ist das oberste Organ des Vereins.<\/p>\n<p>Die Versammlung trifft sich zu:<\/p>\n<ol class=\"liste-nombre\">\n<li>einer ordentlichen Sitzung einmal pro Jahr;<\/li>\n<li>in einer au\u00dferordentlichen Sitzung auf Einladung des Vorstandes, der Rechnungspr\u00fcfer oder auf schriftlichen Antrag von 1\/5 der Mitglieder; in diesem Antrag m\u00fcssen die Gr\u00fcnde f\u00fcr die au\u00dferordentliche Einberufung der Versammlung und der\/die angestrebte(n) Zweck(e) angegeben werden.<\/li>\n<\/ol>\n<p>Der Vorstand ist verpflichtet, die au\u00dferordentliche Versammlung innerhalb von 30 Tagen nach Einreichung des Antrags beim Sekretariat einzuberufen.<\/p>\n<p>Die Einladungen mit der Tagesordnung werden per Post oder E-Mail mindestens 10 Tage vor dem Datum der Sitzung versandt.<\/p>\n<p>Die Generalversammlung kann auch so organisiert werden, dass die Mitglieder ihre Rechte schriftlich oder auf elektronischem Wege aus\u00fcben. Der Vorstand entscheidet von Jahr zu Jahr \u00fcber die Form, in der die Generalversammlung abgehalten wird.<\/p>\n<p>Der Vorstand kann G\u00e4ste zur Generalversammlung einladen.<\/p>\n<p>[\/et_pb_text][et_pb_text _builder_version=&#8220;4.16&#8243; _module_preset=&#8220;default&#8220; global_colors_info=&#8220;{}&#8220;]<\/p>\n<h2>Artikel 12<\/h2>\n<p>Die Versammlung ist beschlussf\u00e4hig, wenn mindestens die H\u00e4lfte der Mitglieder anwesend ist.<\/p>\n<p>Wenn dieses Quorum nicht erreicht wird, wird innerhalb eines Monats eine neue Versammlung mit derselben Traktandenliste einberufen. Diese neue Versammlung ist unabh\u00e4ngig von der Anzahl der anwesenden Mitglieder beschlussf\u00e4hig.<\/p>\n<p>[\/et_pb_text][et_pb_text _builder_version=&#8220;4.17.0&#8243; _module_preset=&#8220;default&#8220; hover_enabled=&#8220;0&#8243; global_colors_info=&#8220;{}&#8220; sticky_enabled=&#8220;0&#8243;]<\/p>\n<h2>Artikel 13<\/h2>\n<p>Die Generalversammlung hat folgende Befugnisse:<\/p>\n<ol>\n<li>die Mitglieder des Ausschusses, den Vorsitzenden und die Rechnungspr\u00fcfer zu ernennen;<\/li>\n<li>Festsetzung der Mitgliederbeitr\u00e4ge;<\/li>\n<li>\u00fcber den Jahresbericht und die Jahresrechnung zu entscheiden, den Bericht der Revisoren zur Kenntnis zu nehmen und den Vorstand zu entlasten;<\/li>\n<li>Genehmigung des Jahresbudgets;<\/li>\n<li>\u00c4nderungen der Statuten;<\/li>\n<li>Beschlussfassung \u00fcber die Antr\u00e4ge des Vorstandes und der Mitglieder gem\u00e4ss Traktandenliste;<\/li>\n<li>Festsetzung der Verg\u00fctungen und Aufwandsentsch\u00e4digungen der Vorstandsmitglieder;<\/li>\n<li>Beschlussfassung \u00fcber die Aufl\u00f6sung des Vereins;<\/li>\n<li>Entscheid \u00fcber den Beitritt zu anderen Verb\u00e4nden, Gruppierungen oder Organisationen;<\/li>\n<li>Erlass der in Artikel 1 dieser Statuten vorgesehenen Regelungen;<\/li>\n<li>\u00fcber die Aufnahme und den Ausschluss von Mitgliedern zu entscheiden.<\/li>\n<\/ol>\n<p>Die Generalversammlung wird von ihrem Vorsitzenden geleitet.<\/p>\n<p>\u00dcber die Generalversammlungen wird ein Protokoll gef\u00fchrt.<\/p>\n<p>[\/et_pb_text][et_pb_text _builder_version=&#8220;4.16&#8243; _module_preset=&#8220;default&#8220; global_colors_info=&#8220;{}&#8220;]<\/p>\n<h2>Artikel 14<\/h2>\n<p>Die Generalversammlung kann nur \u00fcber die auf der Traktandenliste aufgef\u00fchrten Punkte beschliessen, es sei denn, die Mehrheit der anwesenden Mitglieder erkl\u00e4rt sich damit einverstanden, zus\u00e4tzliche Punkte zu behandeln.<\/p>\n<p>Mitglieder, die einen Antrag auf die Traktandenliste der Generalversammlung setzen wollen, m\u00fcssen dies dem Vorstand mindestens 20 Tage im Voraus schriftlich mitteilen.<\/p>\n<p>[\/et_pb_text][et_pb_text _builder_version=&#8220;4.16&#8243; _module_preset=&#8220;default&#8220; global_colors_info=&#8220;{}&#8220;]<\/p>\n<h2>Artikel 15<\/h2>\n<p>In der Generalversammlung hat jedes Mitglied nur einen stimmberechtigten Vertreter, dessen Name dem Vorsitzenden zu Beginn der Sitzung mitzuteilen ist.<\/p>\n<p>Jeder Vertreter kann von einer weiteren Person aus demselben Unternehmen mit beratender Stimme begleitet werden, so dass die medizinische Leitung und die Gesch\u00e4ftsf\u00fchrung anwesend sein k\u00f6nnen.<\/p>\n<p>[\/et_pb_text][et_pb_text _builder_version=&#8220;4.17.0&#8243; _module_preset=&#8220;default&#8220; hover_enabled=&#8220;0&#8243; global_colors_info=&#8220;{}&#8220; sticky_enabled=&#8220;0&#8243;]<\/p>\n<h2>Artikel 16<\/h2>\n<p>Die Generalversammlung fasst ihre Beschl\u00fcsse mit der Mehrheit der anwesenden Stimmen, mit Ausnahme der Beschl\u00fcsse \u00fcber den Ausschluss eines Mitglieds (Art. 7) und die Aufl\u00f6sung der Vereinigung, die nur in \u00dcbereinstimmung mit Art. 22 dieser Satzung beschlossen werden kann. <\/p>\n<p>Abstimmungen und Ernennungen erfolgen durch Handzeichen. Sie k\u00f6nnen geheim durchgef\u00fchrt werden, wenn ein Mitglied dies beantragt.  Bei Stimmengleichheit gibt die Stimme des Vorsitzenden den Ausschlag.<\/p>\n<p>[\/et_pb_text][et_pb_text _builder_version=&#8220;4.16&#8243; _module_preset=&#8220;default&#8220; global_colors_info=&#8220;{}&#8220;]<\/p>\n<h2>Artikel 17<\/h2>\n<p>Der Verein wird von einem Vorstand aus mindestens drei Personen verwaltet, die von der ordentlichen Generalversammlung f\u00fcr zwei Jahre gew\u00e4hlt werden. Sie k\u00f6nnen wiedergew\u00e4hlt werden. Der Vorstand organisiert sich selbst.<\/p>\n<p>[\/et_pb_text][et_pb_text _builder_version=&#8220;4.16&#8243; _module_preset=&#8220;default&#8220; global_colors_info=&#8220;{}&#8220;]<\/p>\n<h2>Artikel 18<\/h2>\n<p>Der Vorstand tritt nach Einberufung durch den Vorsitzenden oder seinen Stellvertreter so oft wie n\u00f6tig zusammen.<\/p>\n<p>[\/et_pb_text][et_pb_text _builder_version=&#8220;4.17.0&#8243; _module_preset=&#8220;default&#8220; hover_enabled=&#8220;0&#8243; global_colors_info=&#8220;{}&#8220; sticky_enabled=&#8220;0&#8243;]<\/p>\n<h2>Artikel 19<\/h2>\n<p>Der Vorstand hat alle Kompetenzen, die nicht der Generalversammlung vorbehalten sind, insbesondere:<\/p>\n<ol class=\"liste-nombre\">\n<li>f\u00fchrt die Beschl\u00fcsse der Generalversammlung aus;<\/li>\n<li>vertritt er den Verein in seinen Beziehungen zu Dritten und vor Gericht;<\/li>\n<li>verpflichtet die Vereinigung rechtsg\u00fcltig durch die Kollektivunterschrift von zwei Personen;<\/li>\n<li>berichtet er \u00fcber jeden Antrag, der an der Generalversammlung behandelt werden soll, und k\u00fcndigt diese an;<\/li>\n<li>verwaltet er das Vereinsverm\u00f6gen, macht den Jahresabschluss und den Budgetvorschlag; er k\u00fcmmert sich um den Einzug der Mitgliederbeitr\u00e4ge und andere finanzielle Leistungen der Mitglieder;<\/li>\n<li>beruft die Generalversammlungen ein.<\/li>\n<\/ol>\n<p>[\/et_pb_text][et_pb_text _builder_version=&#8220;4.17.0&#8243; _module_preset=&#8220;default&#8220; hover_enabled=&#8220;0&#8243; global_colors_info=&#8220;{}&#8220; sticky_enabled=&#8220;0&#8243;]<\/p>\n<h2>Artikel 20<\/h2>\n<p>Die Generalversammlung ernennt alle zwei Jahre zwei Rechnungspr\u00fcfer und einen Stellvertreter. Die Revisoren pr\u00fcfen den Jahresabschluss und legen der Generalversammlung einen Bericht vor.<\/p>\n<p>Sie sind wiederw\u00e4hlbar.<\/p>\n<p>[\/et_pb_text][et_pb_text _builder_version=&#8220;4.16&#8243; _module_preset=&#8220;default&#8220; global_colors_info=&#8220;{}&#8220;]<\/p>\n<h2>Artikel 21<\/h2>\n<p>Die finanziellen Mittel des Vereins bestehen aus Jahresbeitr\u00e4gen, Sonderbeitr\u00e4gen f\u00fcr bestimmte Aktionen, Eintrittsgeldern, Spenden und Verm\u00e4chtnissen.<\/p>\n<p>[\/et_pb_text][et_pb_text _builder_version=&#8220;4.16&#8243; _module_preset=&#8220;default&#8220; global_colors_info=&#8220;{}&#8220;]<\/p>\n<h2><span style=\"font-size: 26px;\">Artikel 22<\/span><\/h2>\n<p>Der Verein kann durch den Beschluss einer eigens zu diesem Zweck einberufenen Generalversammlung aufgel\u00f6st werden.<\/p>\n<p>Die Aufl\u00f6sung kann nur in Anwesenheit von zwei Dritteln der Mitglieder und mit einer Mehrheit von zwei Dritteln der Stimmen beschlossen werden.<\/p>\n<p>Wenn das im obigen Absatz geforderte Quorum oder die qualifizierte Mehrheit nicht erreicht wird, wird innerhalb von 30 Tagen eine neue Versammlung einberufen, die zehn Tage im Voraus angek\u00fcndigt werden muss.<\/p>\n<p>Der Verein trifft dann seine Entscheidungen mit der absoluten Mehrheit der vertretenen Stimmen, unabh\u00e4ngig von der Anzahl der anwesenden Mitglieder.<\/p>\n<p>[\/et_pb_text][et_pb_text _builder_version=&#8220;4.17.0&#8243; _module_preset=&#8220;default&#8220; hover_enabled=&#8220;0&#8243; global_colors_info=&#8220;{}&#8220; sticky_enabled=&#8220;0&#8243;]<\/p>\n<h2>Artikel 23<\/h2>\n<p>Die Generalversammlung, die die Aufl\u00f6sung beschliesst, entscheidet gleichzeitig, ob die Liquidation durch den Vorstand oder eine Sonderkommission durchgef\u00fchrt werden soll.<\/p>\n<p>Sie entscheidet \u00fcber die Verwendung des Liquidationserl\u00f6ses, der nach Erf\u00fcllung aller ausstehenden Verpflichtungen des Vereins \u00fcbrig ist.<\/p>\n<p>[\/et_pb_text][et_pb_text _builder_version=&#8220;4.17.0&#8243; _module_preset=&#8220;default&#8220; hover_enabled=&#8220;0&#8243; global_colors_info=&#8220;{}&#8220; sticky_enabled=&#8220;0&#8243;]<\/p>\n<h2>Artikel 24<\/h2>\n<p>Die Gesch\u00e4ftsjahre beginnen am 1. Januar und enden am 31. Dezember eines jeden Jahres.<\/p>\n<p>[\/et_pb_text][et_pb_text _builder_version=&#8220;4.17.0&#8243; _module_preset=&#8220;default&#8220; hover_enabled=&#8220;0&#8243; global_colors_info=&#8220;{}&#8220; sticky_enabled=&#8220;0&#8243;]<\/p>\n<h2>Artikel 25<\/h2>\n<p>Es wird eine deutsche \u00dcbersetzung der Satzung erstellt. Nur die franz\u00f6sische Fassung ist verbindlich. <\/p>\n<p>[\/et_pb_text][et_pb_text _builder_version=&#8220;4.17.0&#8243; _module_preset=&#8220;default&#8220; hover_enabled=&#8220;0&#8243; global_colors_info=&#8220;{}&#8220; sticky_enabled=&#8220;0&#8243; custom_margin=&#8220;||13px|||&#8220;]<\/p>\n<p style=\"text-align: center;\">******<\/p>\n<p>[\/et_pb_text][et_pb_text _builder_version=&#8220;4.17.0&#8243; _module_preset=&#8220;default&#8220; hover_enabled=&#8220;0&#8243; global_colors_info=&#8220;{}&#8220; sticky_enabled=&#8220;0&#8243;]<\/p>\n<p>Die vorliegende Satzung wurde von der Generalversammlung am 13. September 202 in Paudex angenommen. Sie ersetzen die vorherigen Statuten vom 07. Oktober 2021. <\/p>\n<p>[\/et_pb_text][\/et_pb_column][\/et_pb_row][\/et_pb_section]<\/p>\n","protected":false},"excerpt":{"rendered":"<p>Artikel 1 Der Westschweizer Verband der Zentren f\u00fcr \u00e4sthetische Medizin (ACME, nachstehend der Verband) ist ein Verband, der durch die vorliegenden Statuten und subsidi\u00e4r durch die Artikel 60 ff. des Schweizerischen Zivilgesetzbuches geregelt wird; seine Dauer ist unbegrenzt.Artikel 2 Der Verein hat folgende Ziele: das Zusammenbringen von Mitgliedern, die eine qualitativ hochwertige \u00e4sthetische Medizin und\/oder [&hellip;]<\/p>\n","protected":false},"author":1,"featured_media":29147,"parent":0,"menu_order":0,"comment_status":"closed","ping_status":"closed","template":"","meta":{"_acf_changed":false,"_et_pb_use_builder":"on","_et_pb_old_content":"","_et_gb_content_width":"","footnotes":""},"dipi_cpt_category":[],"class_list":["post-29180","page","type-page","status-publish","has-post-thumbnail","hentry"],"acf":[],"_links":{"self":[{"href":"https:\/\/acmes.ch\/de\/wp-json\/wp\/v2\/pages\/29180","targetHints":{"allow":["GET"]}}],"collection":[{"href":"https:\/\/acmes.ch\/de\/wp-json\/wp\/v2\/pages"}],"about":[{"href":"https:\/\/acmes.ch\/de\/wp-json\/wp\/v2\/types\/page"}],"author":[{"embeddable":true,"href":"https:\/\/acmes.ch\/de\/wp-json\/wp\/v2\/users\/1"}],"replies":[{"embeddable":true,"href":"https:\/\/acmes.ch\/de\/wp-json\/wp\/v2\/comments?post=29180"}],"version-history":[{"count":3,"href":"https:\/\/acmes.ch\/de\/wp-json\/wp\/v2\/pages\/29180\/revisions"}],"predecessor-version":[{"id":29709,"href":"https:\/\/acmes.ch\/de\/wp-json\/wp\/v2\/pages\/29180\/revisions\/29709"}],"wp:featuredmedia":[{"embeddable":true,"href":"https:\/\/acmes.ch\/de\/wp-json\/wp\/v2\/media\/29147"}],"wp:attachment":[{"href":"https:\/\/acmes.ch\/de\/wp-json\/wp\/v2\/media?parent=29180"}],"wp:term":[{"taxonomy":"dipi_cpt_category","embeddable":true,"href":"https:\/\/acmes.ch\/de\/wp-json\/wp\/v2\/dipi_cpt_category?post=29180"}],"curies":[{"name":"wp","href":"https:\/\/api.w.org\/{rel}","templated":true}]}}