{"id":29562,"date":"2022-11-03T14:31:46","date_gmt":"2022-11-03T13:31:46","guid":{"rendered":"https:\/\/acmes.ch\/finden-sie-ihre-aesthetische-klinik-in-der-schweiz\/"},"modified":"2025-11-12T16:59:48","modified_gmt":"2025-11-12T15:59:48","slug":"cliniques","status":"publish","type":"page","link":"https:\/\/acmes.ch\/de\/cliniques\/","title":{"rendered":"Finden Sie Ihre \u00e4sthetische Klinik in der Schweiz"},"content":{"rendered":"<p>[et_pb_section fb_built=&#8220;1&#8243; _builder_version=&#8220;4.16&#8243; _dynamic_attributes=&#8220;background_image&#8220; _module_preset=&#8220;default&#8220; background_enable_color=&#8220;off&#8220; use_background_color_gradient=&#8220;on&#8220; background_color_gradient_stops=&#8220;gcid-6e4605c9-3e67-4209-9e4b-465bcfe29f4f 0%|gcid-6e4605c9-3e67-4209-9e4b-465bcfe29f4f 100%&#8220; background_color_gradient_overlays_image=&#8220;on&#8220; background_color_gradient_start=&#8220;gcid-6e4605c9-3e67-4209-9e4b-465bcfe29f4f&#8220; background_color_gradient_end=&#8220;gcid-6e4605c9-3e67-4209-9e4b-465bcfe29f4f&#8220; background_image=&#8220;@ET-DC@eyJkeW5hbWljIjp0cnVlLCJjb250ZW50IjoicG9zdF9mZWF0dXJlZF9pbWFnZSIsInNldHRpbmdzIjp7fX0=@&#8220; background_position=&#8220;bottom_center&#8220; custom_padding=&#8220;150px||150px||false|false&#8220; global_module=&#8220;28938&#8243; saved_tabs=&#8220;all&#8220; global_colors_info=&#8220;{%22gcid-7815ec78-6428-463f-b6a6-115b50fbe734%22:%91%22background_color%22%93,%22gcid-6e4605c9-3e67-4209-9e4b-465bcfe29f4f%22:%91%22colorEnd%22,%22colorStart%22%93}&#8220;][et_pb_row _builder_version=&#8220;4.16&#8243; _module_preset=&#8220;default&#8220; global_colors_info=&#8220;{}&#8220;][et_pb_column type=&#8220;4_4&#8243; _builder_version=&#8220;4.16&#8243; _module_preset=&#8220;default&#8220; global_colors_info=&#8220;{}&#8220;][et_pb_text _builder_version=&#8220;4.16&#8243; _dynamic_attributes=&#8220;content&#8220; _module_preset=&#8220;default&#8220; header_text_align=&#8220;center&#8220; header_text_color=&#8220;#FFFFFF&#8220; global_colors_info=&#8220;{}&#8220;]@ET-DC@eyJkeW5hbWljIjp0cnVlLCJjb250ZW50IjoicG9zdF90aXRsZSIsInNldHRpbmdzIjp7ImJlZm9yZSI6IjxoMT4iLCJhZnRlciI6IjxcL2gxPiJ9fQ==@[\/et_pb_text][\/et_pb_column][\/et_pb_row][\/et_pb_section][et_pb_section fb_built=&#8220;1&#8243; _builder_version=&#8220;4.17.0&#8243; _module_preset=&#8220;default&#8220; custom_padding=&#8220;||0px||false|false&#8220; global_colors_info=&#8220;{}&#8220;][et_pb_row _builder_version=&#8220;4.17.0&#8243; _module_preset=&#8220;default&#8220; global_colors_info=&#8220;{}&#8220;][et_pb_column type=&#8220;4_4&#8243; _builder_version=&#8220;4.17.0&#8243; _module_preset=&#8220;default&#8220; global_colors_info=&#8220;{}&#8220;][et_pb_text _builder_version=&#8220;4.17.0&#8243; _module_preset=&#8220;default&#8220; global_colors_info=&#8220;{}&#8220;]<\/p>\n<p>Sie suchen eine <strong>Schweizer \u00c4sthetik-Klinik<\/strong>, die sich verpflichtet hat, \u00e4sthetische Medizin und Chirurgie nach <strong>Qualit\u00e4tskriterien zu praktizieren<\/strong>? Dann sind Sie hier genau richtig! Alle Mitglieder von VSZAM halten sich an eine Ethik-Charta.<\/p>\n<p>Entdecken Sie unten die Sch\u00f6nheitskliniken, die Mitglied von VSZAM sind.<\/p>\n<p>[\/et_pb_text][\/et_pb_column][\/et_pb_row][et_pb_row _builder_version=&#8220;4.17.0&#8243; _module_preset=&#8220;default&#8220; custom_padding=&#8220;||5px||false|false&#8220; global_colors_info=&#8220;{}&#8220;][et_pb_column type=&#8220;4_4&#8243; _builder_version=&#8220;4.17.0&#8243; _module_preset=&#8220;default&#8220; global_colors_info=&#8220;{}&#8220;][et_pb_text _builder_version=&#8220;4.17.0&#8243; _module_preset=&#8220;default&#8220; hover_enabled=&#8220;0&#8243; global_colors_info=&#8220;{}&#8220; sticky_enabled=&#8220;0&#8243;]<\/p>\n<h2>Finden Sie eine \u00e4sthetische Klinik in Ihrer N\u00e4he<\/h2>\n<p>[\/et_pb_text][\/et_pb_column][\/et_pb_row][\/et_pb_section]<\/p>\n","protected":false},"excerpt":{"rendered":"<p>Sie suchen eine Schweizer \u00c4sthetik-Klinik, die sich verpflichtet hat, \u00e4sthetische Medizin und Chirurgie nach Qualit\u00e4tskriterien zu praktizieren? Dann sind Sie hier genau richtig! Alle Mitglieder von VSZAM halten sich an eine Ethik-Charta. Entdecken Sie unten die Sch\u00f6nheitskliniken, die Mitglied von VSZAM sind.Finden Sie eine \u00e4sthetische Klinik in Ihrer N\u00e4he<\/p>\n","protected":false},"author":1,"featured_media":29261,"parent":0,"menu_order":0,"comment_status":"closed","ping_status":"closed","template":"","meta":{"_acf_changed":false,"_et_pb_use_builder":"on","_et_pb_old_content":"","_et_gb_content_width":"","footnotes":""},"dipi_cpt_category":[],"class_list":["post-29562","page","type-page","status-publish","has-post-thumbnail","hentry"],"acf":[],"_links":{"self":[{"href":"https:\/\/acmes.ch\/de\/wp-json\/wp\/v2\/pages\/29562","targetHints":{"allow":["GET"]}}],"collection":[{"href":"https:\/\/acmes.ch\/de\/wp-json\/wp\/v2\/pages"}],"about":[{"href":"https:\/\/acmes.ch\/de\/wp-json\/wp\/v2\/types\/page"}],"author":[{"embeddable":true,"href":"https:\/\/acmes.ch\/de\/wp-json\/wp\/v2\/users\/1"}],"replies":[{"embeddable":true,"href":"https:\/\/acmes.ch\/de\/wp-json\/wp\/v2\/comments?post=29562"}],"version-history":[{"count":15,"href":"https:\/\/acmes.ch\/de\/wp-json\/wp\/v2\/pages\/29562\/revisions"}],"predecessor-version":[{"id":30035,"href":"https:\/\/acmes.ch\/de\/wp-json\/wp\/v2\/pages\/29562\/revisions\/30035"}],"wp:featuredmedia":[{"embeddable":true,"href":"https:\/\/acmes.ch\/de\/wp-json\/wp\/v2\/media\/29261"}],"wp:attachment":[{"href":"https:\/\/acmes.ch\/de\/wp-json\/wp\/v2\/media?parent=29562"}],"wp:term":[{"taxonomy":"dipi_cpt_category","embeddable":true,"href":"https:\/\/acmes.ch\/de\/wp-json\/wp\/v2\/dipi_cpt_category?post=29562"}],"curies":[{"name":"wp","href":"https:\/\/api.w.org\/{rel}","templated":true}]}}